{"id":2,"date":"2025-08-19T07:21:33","date_gmt":"2025-08-19T07:21:33","guid":{"rendered":"https:\/\/www.ti0ati.org\/?page_id=2"},"modified":"2025-11-12T02:47:47","modified_gmt":"2025-11-12T02:47:47","slug":"nuestrahistoria","status":"publish","type":"page","link":"https:\/\/www.ti0ati.org\/","title":{"rendered":"\u00bfQu\u00e9 es Actualidad Tango India?"},"content":{"rendered":"\n<p class=\"has-text-align-center has-large-font-size\"><\/p>\n\n\n\n<p><\/p>\n\n\n\n<p class=\"has-text-align-center\"><span class=\"has-superb-addons-text-align-justify\">La Asociaci\u00f3n Actualidad Tango India (ATI) naci\u00f3 de un sue\u00f1o entre amigos, de una pasi\u00f3n compartida por las ondas de radio. Todo comenz\u00f3 cuando cuatro entusiastas \u2014 Erick Blum (TI2DRU), Fernando Murillo (TI2FM), Iv\u00e1n Valverde (TI2VAI) y Johnnie Villarreal (TI4JVC) \u2014 se unieron con un solo objetivo: aprender, crecer y disfrutar juntos de la magia de la radioafici\u00f3n.<br><br>\u200bPoco a poco, nuestra familia fue creciendo,  a ellos se sumaron Isaac Soto (TI5FSP), Arturo Campos (TI2AKN), Dariel Araya (TI6DAJ) y Jos\u00e9 Guti\u00e9rrez (TI2JAC), quienes con su energ\u00eda y sus ideas hicieron que ese sue\u00f1o tomara forma.<br><br>Fue gracias a la uni\u00f3n de todos que oficialmente naci\u00f3 nuestra asociaci\u00f3n. \u200bHoy seguimos con ese mismo coraz\u00f3n. <br><br>Somos un hogar para los radioaficionados, un lugar donde puedes hacer amigos, compartir lo que sabes y vivir la radio de una manera m\u00e1s cercana y divertida. Nuestra meta es simple: que la pasi\u00f3n no se apague, que nos apoyemos siempre y que cada persona que quiera unirse a esta gran comunidad encuentre una puerta abierta.<\/span><\/p>\n","protected":false},"excerpt":{"rendered":"<p>La Asociaci\u00f3n Actualidad Tango India (ATI) naci\u00f3 de un sue\u00f1o entre amigos, de una pasi\u00f3n compartida por las ondas de radio. Todo comenz\u00f3 cuando cuatro entusiastas \u2014 Erick Blum (TI2DRU), Fernando Murillo (TI2FM), Iv\u00e1n Valverde (TI2VAI) y Johnnie Villarreal (TI4JVC) \u2014 se unieron con un solo objetivo: aprender, crecer y disfrutar juntos de la magia [&hellip;]<\/p>\n","protected":false},"author":1,"featured_media":0,"parent":0,"menu_order":0,"comment_status":"closed","ping_status":"closed","template":"","meta":{"footnotes":""},"class_list":["post-2","page","type-page","status-publish","hentry"],"_links":{"self":[{"href":"https:\/\/www.ti0ati.org\/index.php?rest_route=\/wp\/v2\/pages\/2","targetHints":{"allow":["GET"]}}],"collection":[{"href":"https:\/\/www.ti0ati.org\/index.php?rest_route=\/wp\/v2\/pages"}],"about":[{"href":"https:\/\/www.ti0ati.org\/index.php?rest_route=\/wp\/v2\/types\/page"}],"author":[{"embeddable":true,"href":"https:\/\/www.ti0ati.org\/index.php?rest_route=\/wp\/v2\/users\/1"}],"replies":[{"embeddable":true,"href":"https:\/\/www.ti0ati.org\/index.php?rest_route=%2Fwp%2Fv2%2Fcomments&post=2"}],"version-history":[{"count":10,"href":"https:\/\/www.ti0ati.org\/index.php?rest_route=\/wp\/v2\/pages\/2\/revisions"}],"predecessor-version":[{"id":52,"href":"https:\/\/www.ti0ati.org\/index.php?rest_route=\/wp\/v2\/pages\/2\/revisions\/52"}],"wp:attachment":[{"href":"https:\/\/www.ti0ati.org\/index.php?rest_route=%2Fwp%2Fv2%2Fmedia&parent=2"}],"curies":[{"name":"wp","href":"https:\/\/api.w.org\/{rel}","templated":true}]}}