{"id":85,"date":"2025-12-03T00:48:19","date_gmt":"2025-12-03T00:48:19","guid":{"rendered":"https:\/\/www.ti0ati.org\/?page_id=85"},"modified":"2026-01-15T14:28:33","modified_gmt":"2026-01-15T14:28:33","slug":"camaras","status":"publish","type":"page","link":"https:\/\/www.ti0ati.org\/?page_id=85","title":{"rendered":"Camaras"},"content":{"rendered":"\n<h2 class=\"wp-block-heading has-text-align-center\">C\u00e1mara Norte<\/h2>\n\n\n\n<script src=\"https:\/\/embed.skylinewebcams.com\/shadow\/shadowbox.php\"><\/script><a href=\"https:\/\/www.skylinewebcams.com\/webcam\/costa-rica\/san-jose-province\/moravia\/heredia-braulio-carrillo.html?w=5608\" rel=\"shadowbox;width=800;height=500\"><img decoding=\"async\" src=\"https:\/\/embed.skylinewebcams.com\/media.php?id=5608&#038;w=450\" border=\"0\" alt=\"Live Webcam\"><\/a>\n\n\n\n<h2 class=\"wp-block-heading has-text-align-center\">C\u00e1mara Sur<\/h2>\n\n\n\n<script src=\"https:\/\/embed.skylinewebcams.com\/shadow\/shadowbox.php\"><\/script><a href=\"https:\/\/www.skylinewebcams.com\/webcam\/costa-rica\/san-jose-province\/moravia\/panorama-san-jose.html?w=5609\" rel=\"shadowbox;width=800;height=500\"><img decoding=\"async\" src=\"https:\/\/embed.skylinewebcams.com\/media.php?id=5609&#038;w=450\" border=\"0\" alt=\"Live Webcam\"><\/a>\n\n\n\n<h2 class=\"wp-block-heading has-text-align-center\">C\u00e1mara Este<\/h2>\n\n\n\n<script src=\"https:\/\/embed.skylinewebcams.com\/shadow\/shadowbox.php\"><\/script><a href=\"https:\/\/www.skylinewebcams.com\/webcam\/costa-rica\/san-jose-province\/moravia\/irazu.html?w=5607\" rel=\"shadowbox;width=800;height=500\"><img decoding=\"async\" src=\"https:\/\/embed.skylinewebcams.com\/media.php?id=5607&#038;w=450\" border=\"0\" alt=\"Live Webcam\"><\/a>\n\n\n\n<h2 class=\"wp-block-heading has-text-align-center\">C\u00e1mara Oeste<\/h2>\n\n\n\n<script src=\"https:\/\/embed.skylinewebcams.com\/shadow\/shadowbox.php\"><\/script><a href=\"https:\/\/www.skylinewebcams.com\/webcam\/costa-rica\/san-jose-province\/moravia\/san-vicente.html?w=5606\" rel=\"shadowbox;width=800;height=500\"><img decoding=\"async\" src=\"https:\/\/embed.skylinewebcams.com\/media.php?id=5606&#038;w=450\" border=\"0\" alt=\"Live Webcam\"><\/a>\n\n\n\n<h2 class=\"wp-block-heading has-text-align-center\">C\u00e1mara Este Cerro Bebedero<\/h2>\n\n\n\n<script src=\"https:\/\/embed.skylinewebcams.com\/shadow\/shadowbox.php\"><\/script><a href=\"https:\/\/www.skylinewebcams.com\/webcam\/costa-rica\/san-jose-province\/moravia\/panorama-san-jose-costa-rica.html?w=5894\" rel=\"shadowbox;width=800;height=500\"><img decoding=\"async\" src=\"https:\/\/embed.skylinewebcams.com\/media.php?id=5894&#038;w=450\" border=\"0\" alt=\"Live Webcam\"><\/a>\n\n\n\n<h2 class=\"wp-block-heading has-text-align-center\">C\u00e1mara Oeste Cerro Bebedero<\/h2>\n\n\n\n<iframe loading=\"lazy\" width=\"580\" height=\"420\" src=\"https:\/\/rtsp.me\/embed\/A6GhYaE3\/\" frameborder=\"0\" title=\"RTSP Stream Player\" allowfullscreen>\nIframes not supported. Broadcasting <a href=\"https:\/\/rtsp.me\/\" title = \"rtsp video steaming service\"> rtsp.me<\/a> player <\/iframe>\n\n\n\n<p><\/p>\n","protected":false},"excerpt":{"rendered":"<p>C\u00e1mara Norte C\u00e1mara Sur C\u00e1mara Este C\u00e1mara Oeste C\u00e1mara Este Cerro Bebedero C\u00e1mara Oeste Cerro Bebedero Iframes not supported. Broadcasting rtsp.me player<\/p>\n","protected":false},"author":2,"featured_media":0,"parent":0,"menu_order":0,"comment_status":"closed","ping_status":"closed","template":"","meta":{"footnotes":""},"class_list":["post-85","page","type-page","status-publish","hentry"],"_links":{"self":[{"href":"https:\/\/www.ti0ati.org\/index.php?rest_route=\/wp\/v2\/pages\/85","targetHints":{"allow":["GET"]}}],"collection":[{"href":"https:\/\/www.ti0ati.org\/index.php?rest_route=\/wp\/v2\/pages"}],"about":[{"href":"https:\/\/www.ti0ati.org\/index.php?rest_route=\/wp\/v2\/types\/page"}],"author":[{"embeddable":true,"href":"https:\/\/www.ti0ati.org\/index.php?rest_route=\/wp\/v2\/users\/2"}],"replies":[{"embeddable":true,"href":"https:\/\/www.ti0ati.org\/index.php?rest_route=%2Fwp%2Fv2%2Fcomments&post=85"}],"version-history":[{"count":26,"href":"https:\/\/www.ti0ati.org\/index.php?rest_route=\/wp\/v2\/pages\/85\/revisions"}],"predecessor-version":[{"id":122,"href":"https:\/\/www.ti0ati.org\/index.php?rest_route=\/wp\/v2\/pages\/85\/revisions\/122"}],"wp:attachment":[{"href":"https:\/\/www.ti0ati.org\/index.php?rest_route=%2Fwp%2Fv2%2Fmedia&parent=85"}],"curies":[{"name":"wp","href":"https:\/\/api.w.org\/{rel}","templated":true}]}}